{"id":940,"date":"2020-03-05T11:39:28","date_gmt":"2020-03-05T10:39:28","guid":{"rendered":"http:\/\/sisteko.si\/?page_id=940"},"modified":"2020-03-05T13:14:03","modified_gmt":"2020-03-05T12:14:03","slug":"product-list","status":"publish","type":"page","link":"https:\/\/sisteko.si\/en\/product-list\/","title":{"rendered":"Product list"},"content":{"rendered":"\n<style type=\"text\/css\" data-created_by=\"avia_inline_auto\" id=\"style-css-av-1d4ls-359e04edc953ca1d9d7f0b1c53ec5012\">\n.avia-section.av-1d4ls-359e04edc953ca1d9d7f0b1c53ec5012{\nbackground-repeat:no-repeat;\nbackground-image:url(https:\/\/sisteko.si\/wp-content\/uploads\/2018\/08\/sisteko_logo-bg-bk-2-1-1030x1030.png);\nbackground-position:0% 0%;\nbackground-attachment:scroll;\n}\n.avia-section.av-1d4ls-359e04edc953ca1d9d7f0b1c53ec5012 .av-section-color-overlay{\nopacity:0.9;\nbackground-color:#ffffff;\n}\n<\/style>\n<div id='av_section_1'  class='avia-section av-1d4ls-359e04edc953ca1d9d7f0b1c53ec5012 main_color avia-section-default avia-no-border-styling  avia-builder-el-0  avia-builder-el-no-sibling  avia-bg-style-scroll av-section-color-overlay-active container_wrap fullsize'  data-section-bg-repeat='no-repeat'><div class=\"av-section-color-overlay-wrap\"><div class=\"av-section-color-overlay\"><\/div><div class='container av-section-cont-open' ><main  role=\"main\" itemprop=\"mainContentOfPage\"  class='template-page content  av-content-full alpha units'><div class='post-entry post-entry-type-page post-entry-940'><div class='entry-content-wrapper clearfix'>\n\n<style type=\"text\/css\" data-created_by=\"avia_inline_auto\" id=\"style-css-av-488w-376703437479ae6b3526aae55f4c2698\">\n.flex_column.av-488w-376703437479ae6b3526aae55f4c2698{\n-webkit-border-radius:0px 0px 0px 0px;\n-moz-border-radius:0px 0px 0px 0px;\nborder-radius:0px 0px 0px 0px;\npadding:0px 0px 0px 0px;\n}\n<\/style>\n<div class='flex_column av-488w-376703437479ae6b3526aae55f4c2698 av_one_full  avia-builder-el-1  avia-builder-el-no-sibling  first flex_column_div av-zero-column-padding '     ><p>\n<style type=\"text\/css\" data-created_by=\"avia_inline_auto\" id=\"style-css-av-av_heading-5b217c3aa7e976f25c000a8b44a8d2df\">\n#top .av-special-heading.av-av_heading-5b217c3aa7e976f25c000a8b44a8d2df{\npadding-bottom:10px;\nfont-size:30px;\n}\nbody .av-special-heading.av-av_heading-5b217c3aa7e976f25c000a8b44a8d2df .av-special-heading-tag .heading-char{\nfont-size:25px;\n}\n#top #wrap_all .av-special-heading.av-av_heading-5b217c3aa7e976f25c000a8b44a8d2df .av-special-heading-tag{\nfont-size:30px;\n}\n.av-special-heading.av-av_heading-5b217c3aa7e976f25c000a8b44a8d2df .av-subheading{\nfont-size:15px;\n}\n\n@media only screen and (min-width: 480px) and (max-width: 767px){ \n#top #wrap_all .av-special-heading.av-av_heading-5b217c3aa7e976f25c000a8b44a8d2df .av-special-heading-tag{\nfont-size:0.8em;\n}\n}\n\n@media only screen and (max-width: 479px){ \n#top #wrap_all .av-special-heading.av-av_heading-5b217c3aa7e976f25c000a8b44a8d2df .av-special-heading-tag{\nfont-size:0.8em;\n}\n}\n<\/style>\n<div  class='av-special-heading av-av_heading-5b217c3aa7e976f25c000a8b44a8d2df av-special-heading-h3 blockquote modern-quote  avia-builder-el-2  el_before_av_hr  avia-builder-el-first  av-inherit-size'><h3 class='av-special-heading-tag'  itemprop=\"headline\"  >Our other products<\/h3><div class=\"special-heading-border\"><div class=\"special-heading-inner-border\"><\/div><\/div><\/div><br \/>\n\n<style type=\"text\/css\" data-created_by=\"avia_inline_auto\" id=\"style-css-av-jldkktpy-7d1411f5b99cd46960a28c44ed6b84e6\">\n#top .hr.hr-invisible.av-jldkktpy-7d1411f5b99cd46960a28c44ed6b84e6{\nheight:15px;\n}\n<\/style>\n<div  class='hr av-jldkktpy-7d1411f5b99cd46960a28c44ed6b84e6 hr-invisible  avia-builder-el-3  el_after_av_heading  el_before_av_masonry_entries  avia-builder-el-last '><span class='hr-inner '><span class=\"hr-inner-style\"><\/span><\/span><\/div><br \/>\n<div id='av-masonry-1' class='av-masonry av-jldhq6xm-6fcb5e686010f0b8a1be17aa245fee64 noHover av-fixed-size av-large-gap av-hover-overlay-active av-masonry-animation-active av-masonry-col-4 av-caption-always av-caption-style-overlay av-masonry-entries av-orientation-square ' data-post_id=\"940\"><div class=\"av-masonry-container isotope av-js-disabled\"><div class='av-masonry-entry isotope-item av-masonry-item-no-image '><\/div><a href=\"https:\/\/sisteko.si\/en\/polyester-water-meter-shafts\/\"  id='av-masonry-1-item-559' data-av-masonry-item='559' class='av-masonry-entry isotope-item post-559 page type-page status-publish has-post-thumbnail hentry category-izdelki-en  av-masonry-item-with-image' title=\"Poliestrski vodomerni ja\u0161ki\"   itemscope=\"itemscope\" itemtype=\"https:\/\/schema.org\/CreativeWork\" ><div class='av-inner-masonry-sizer'><\/div><figure class='av-inner-masonry main_color'><div class=\"av-masonry-outerimage-container\"><div class='av-masonry-image-container' style=\"background-image: url(https:\/\/sisteko.si\/wp-content\/uploads\/2018\/09\/Kanalizacija-in-odvodnjavanje-1-705x499.jpg);\"  title=\"Poliestrski vodomerni ja\u0161ki\"  ><\/div><\/div><figcaption class='av-inner-masonry-content site-background'><div class='av-inner-masonry-content-pos'><div class='av-inner-masonry-content-pos-content'><div class='avia-arrow'><\/div><h3 class='av-masonry-entry-title entry-title '  itemprop=\"headline\" >Polyester water meter shafts<\/h3><\/div><\/div><\/figcaption><\/figure><\/a><!--end av-masonry entry--><a href=\"https:\/\/sisteko.si\/en\/polyester-tanks\/\"  id='av-masonry-1-item-562' data-av-masonry-item='562' class='av-masonry-entry isotope-item post-562 page type-page status-publish has-post-thumbnail hentry category-izdelki-en  av-masonry-item-with-image' title=\"Poliestrske cisterne\"   itemscope=\"itemscope\" itemtype=\"https:\/\/schema.org\/CreativeWork\" ><div class='av-inner-masonry-sizer'><\/div><figure class='av-inner-masonry main_color'><div class=\"av-masonry-outerimage-container\"><div class='av-masonry-image-container' style=\"background-image: url(https:\/\/sisteko.si\/wp-content\/uploads\/2018\/08\/Poliestrske-cisterne-705x499.jpg);\"  title=\"Poliestrske cisterne\"  ><\/div><\/div><figcaption class='av-inner-masonry-content site-background'><div class='av-inner-masonry-content-pos'><div class='av-inner-masonry-content-pos-content'><div class='avia-arrow'><\/div><h3 class='av-masonry-entry-title entry-title '  itemprop=\"headline\" >Polyester tanks<\/h3><\/div><\/div><\/figcaption><\/figure><\/a><!--end av-masonry entry--><a href=\"https:\/\/sisteko.si\/en\/polyester-shafts\/\"  id='av-masonry-1-item-582' data-av-masonry-item='582' class='av-masonry-entry isotope-item post-582 page type-page status-publish has-post-thumbnail hentry category-izdelki-en  av-masonry-item-with-image' title=\"Poliestrski ja\u0161ki\"   itemscope=\"itemscope\" itemtype=\"https:\/\/schema.org\/CreativeWork\" ><div class='av-inner-masonry-sizer'><\/div><figure class='av-inner-masonry main_color'><div class=\"av-masonry-outerimage-container\"><div class='av-masonry-image-container' style=\"background-image: url(https:\/\/sisteko.si\/wp-content\/uploads\/2018\/08\/Poliestrski-ja\u0161ki-705x470.jpg);\"  title=\"Poliestrski ja\u0161ki\"  ><\/div><\/div><figcaption class='av-inner-masonry-content site-background'><div class='av-inner-masonry-content-pos'><div class='av-inner-masonry-content-pos-content'><div class='avia-arrow'><\/div><h3 class='av-masonry-entry-title entry-title '  itemprop=\"headline\" >Polyester shafts<\/h3><\/div><\/div><\/figcaption><\/figure><\/a><!--end av-masonry entry--><a href=\"https:\/\/sisteko.si\/en\/polyester-pumping-stations\/\"  id='av-masonry-1-item-563' data-av-masonry-item='563' class='av-masonry-entry isotope-item post-563 page type-page status-publish has-post-thumbnail hentry category-izdelki-en  av-masonry-item-with-image' title=\"Poliestrska \u010drpali\u0161\u010da\"   itemscope=\"itemscope\" itemtype=\"https:\/\/schema.org\/CreativeWork\" ><div class='av-inner-masonry-sizer'><\/div><figure class='av-inner-masonry main_color'><div class=\"av-masonry-outerimage-container\"><div class='av-masonry-image-container' style=\"background-image: url(https:\/\/sisteko.si\/wp-content\/uploads\/2018\/08\/Poliestrska-\u010drpali\u0161\u010da-2-705x499.jpg);\"  title=\"Poliestrska \u010drpali\u0161\u010da\"  ><\/div><\/div><figcaption class='av-inner-masonry-content site-background'><div class='av-inner-masonry-content-pos'><div class='av-inner-masonry-content-pos-content'><div class='avia-arrow'><\/div><h3 class='av-masonry-entry-title entry-title '  itemprop=\"headline\" >Polyester pumping stations<\/h3><\/div><\/div><\/figcaption><\/figure><\/a><!--end av-masonry entry--><\/div><\/div><br \/>\n\n<style type=\"text\/css\" data-created_by=\"avia_inline_auto\" id=\"style-css-av-jldkktpy-e46e8cb540036b515bb8f4494c931a06\">\n#top .hr.hr-invisible.av-jldkktpy-e46e8cb540036b515bb8f4494c931a06{\nheight:3px;\n}\n<\/style>\n<div  class='hr av-jldkktpy-e46e8cb540036b515bb8f4494c931a06 hr-invisible  avia-builder-el-5  el_after_av_masonry_entries  el_before_av_buttonrow  avia-builder-el-first '><span class='hr-inner '><span class=\"hr-inner-style\"><\/span><\/span><\/div><br \/>\n<div  class='avia-buttonrow-wrap av-jldljhqx-bb1baa1008d9b5b64cb940f7c6b44ac2 avia-buttonrow-center  avia-builder-el-6  el_after_av_hr  avia-builder-el-last '>\n\n<style type=\"text\/css\" data-created_by=\"avia_inline_auto\" id=\"style-css-av-av_buttonrow_item-28d2e312ec11228b9d471f1a6af382a7\">\n#top #wrap_all .avia-button.av-av_buttonrow_item-28d2e312ec11228b9d471f1a6af382a7{\nmargin-bottom:18px;\nmargin-right:9px;\nmargin-left:9px;\n}\n<\/style>\n<a href='http:\/\/sisteko.si\/en\/products\/'  class='avia-button av-av_buttonrow_item-28d2e312ec11228b9d471f1a6af382a7 avia-icon_select-yes-right-icon avia-size-x-large avia-color-theme-color'  ><span class='avia_iconbox_title' >All products<\/span><span class='avia_button_icon avia_button_icon_right' aria-hidden='true' data-av_icon='\ue879' data-av_iconfont='entypo-fontello'><\/span><\/a>\n<\/div><\/p><\/div>\n","protected":false},"excerpt":{"rendered":"","protected":false},"author":3,"featured_media":0,"parent":0,"menu_order":0,"comment_status":"closed","ping_status":"closed","template":"","meta":[],"categories":[],"yoast_head":"<!-- This site is optimized with the Yoast SEO plugin v19.13 - https:\/\/yoast.com\/wordpress\/plugins\/seo\/ -->\n<title>Product list - Sisteko.si<\/title>\n<meta name=\"robots\" content=\"index, follow, max-snippet:-1, max-image-preview:large, max-video-preview:-1\" \/>\n<link rel=\"canonical\" href=\"https:\/\/sisteko.si\/en\/product-list\/\" \/>\n<meta property=\"og:locale\" content=\"en_US\" \/>\n<meta property=\"og:type\" content=\"article\" \/>\n<meta property=\"og:title\" content=\"Product list - Sisteko.si\" \/>\n<meta property=\"og:url\" content=\"https:\/\/sisteko.si\/en\/product-list\/\" \/>\n<meta property=\"og:site_name\" content=\"Sisteko.si\" \/>\n<meta property=\"article:modified_time\" content=\"2020-03-05T12:14:03+00:00\" \/>\n<meta name=\"twitter:card\" content=\"summary_large_image\" \/>\n<meta name=\"twitter:label1\" content=\"Est. reading time\" \/>\n\t<meta name=\"twitter:data1\" content=\"3 minutes\" \/>\n<script type=\"application\/ld+json\" class=\"yoast-schema-graph\">{\"@context\":\"https:\/\/schema.org\",\"@graph\":[{\"@type\":\"WebPage\",\"@id\":\"https:\/\/sisteko.si\/en\/product-list\/\",\"url\":\"https:\/\/sisteko.si\/en\/product-list\/\",\"name\":\"Product list - Sisteko.si\",\"isPartOf\":{\"@id\":\"https:\/\/sisteko.si\/#website\"},\"datePublished\":\"2020-03-05T10:39:28+00:00\",\"dateModified\":\"2020-03-05T12:14:03+00:00\",\"breadcrumb\":{\"@id\":\"https:\/\/sisteko.si\/en\/product-list\/#breadcrumb\"},\"inLanguage\":\"en-US\",\"potentialAction\":[{\"@type\":\"ReadAction\",\"target\":[\"https:\/\/sisteko.si\/en\/product-list\/\"]}]},{\"@type\":\"BreadcrumbList\",\"@id\":\"https:\/\/sisteko.si\/en\/product-list\/#breadcrumb\",\"itemListElement\":[{\"@type\":\"ListItem\",\"position\":1,\"name\":\"Home\",\"item\":\"https:\/\/sisteko.si\/en\/\"},{\"@type\":\"ListItem\",\"position\":2,\"name\":\"Product list\"}]},{\"@type\":\"WebSite\",\"@id\":\"https:\/\/sisteko.si\/#website\",\"url\":\"https:\/\/sisteko.si\/\",\"name\":\"Sisteko.si\",\"description\":\"Poliestrski ja\u0161ki in cevi\",\"potentialAction\":[{\"@type\":\"SearchAction\",\"target\":{\"@type\":\"EntryPoint\",\"urlTemplate\":\"https:\/\/sisteko.si\/?s={search_term_string}\"},\"query-input\":\"required name=search_term_string\"}],\"inLanguage\":\"en-US\"}]}<\/script>\n<!-- \/ Yoast SEO plugin. -->","yoast_head_json":{"title":"Product list - Sisteko.si","robots":{"index":"index","follow":"follow","max-snippet":"max-snippet:-1","max-image-preview":"max-image-preview:large","max-video-preview":"max-video-preview:-1"},"canonical":"https:\/\/sisteko.si\/en\/product-list\/","og_locale":"en_US","og_type":"article","og_title":"Product list - Sisteko.si","og_url":"https:\/\/sisteko.si\/en\/product-list\/","og_site_name":"Sisteko.si","article_modified_time":"2020-03-05T12:14:03+00:00","twitter_card":"summary_large_image","twitter_misc":{"Est. reading time":"3 minutes"},"schema":{"@context":"https:\/\/schema.org","@graph":[{"@type":"WebPage","@id":"https:\/\/sisteko.si\/en\/product-list\/","url":"https:\/\/sisteko.si\/en\/product-list\/","name":"Product list - Sisteko.si","isPartOf":{"@id":"https:\/\/sisteko.si\/#website"},"datePublished":"2020-03-05T10:39:28+00:00","dateModified":"2020-03-05T12:14:03+00:00","breadcrumb":{"@id":"https:\/\/sisteko.si\/en\/product-list\/#breadcrumb"},"inLanguage":"en-US","potentialAction":[{"@type":"ReadAction","target":["https:\/\/sisteko.si\/en\/product-list\/"]}]},{"@type":"BreadcrumbList","@id":"https:\/\/sisteko.si\/en\/product-list\/#breadcrumb","itemListElement":[{"@type":"ListItem","position":1,"name":"Home","item":"https:\/\/sisteko.si\/en\/"},{"@type":"ListItem","position":2,"name":"Product list"}]},{"@type":"WebSite","@id":"https:\/\/sisteko.si\/#website","url":"https:\/\/sisteko.si\/","name":"Sisteko.si","description":"Poliestrski ja\u0161ki in cevi","potentialAction":[{"@type":"SearchAction","target":{"@type":"EntryPoint","urlTemplate":"https:\/\/sisteko.si\/?s={search_term_string}"},"query-input":"required name=search_term_string"}],"inLanguage":"en-US"}]}},"_links":{"self":[{"href":"https:\/\/sisteko.si\/en\/wp-json\/wp\/v2\/pages\/940"}],"collection":[{"href":"https:\/\/sisteko.si\/en\/wp-json\/wp\/v2\/pages"}],"about":[{"href":"https:\/\/sisteko.si\/en\/wp-json\/wp\/v2\/types\/page"}],"author":[{"embeddable":true,"href":"https:\/\/sisteko.si\/en\/wp-json\/wp\/v2\/users\/3"}],"replies":[{"embeddable":true,"href":"https:\/\/sisteko.si\/en\/wp-json\/wp\/v2\/comments?post=940"}],"version-history":[{"count":3,"href":"https:\/\/sisteko.si\/en\/wp-json\/wp\/v2\/pages\/940\/revisions"}],"predecessor-version":[{"id":967,"href":"https:\/\/sisteko.si\/en\/wp-json\/wp\/v2\/pages\/940\/revisions\/967"}],"wp:attachment":[{"href":"https:\/\/sisteko.si\/en\/wp-json\/wp\/v2\/media?parent=940"}],"wp:term":[{"taxonomy":"category","embeddable":true,"href":"https:\/\/sisteko.si\/en\/wp-json\/wp\/v2\/categories?post=940"}],"curies":[{"name":"wp","href":"https:\/\/api.w.org\/{rel}","templated":true}]}}